{"id":123,"date":"2025-06-12T16:39:01","date_gmt":"2025-06-12T16:39:01","guid":{"rendered":"https:\/\/beneficio.jornal316.com.br\/?page_id=123"},"modified":"2026-03-17T20:59:29","modified_gmt":"2026-03-17T20:59:29","slug":"politica-de-privacidade","status":"publish","type":"page","link":"https:\/\/beneficio.jornal316.com.br\/pl\/politica-de-privacidade\/","title":{"rendered":"POLITYKA PRYWATNO\u015aCI"},"content":{"rendered":"<p><strong>\u00daltima atualiza\u00e7\u00e3o: 17 de mar\u00e7o de 2026<\/strong><\/p>\n\n\n\n<p>Twoja prywatno\u015b\u0107 jest dla nas wa\u017cna. Niniejsza Polityka Prywatno\u015bci opisuje, w jaki spos\u00f3b strona internetowa <strong>benefit.newspaper316<\/strong> coleta, utiliza, armazena, compartilha e protege os seus dados pessoais, em conformidade com a Lei Geral de Prote\u00e7\u00e3o de Dados (Lei n\u00ba 13.709\/2018 &#8211; LGPD), bem como com as diretrizes do Google AdSense e outras leis e normas aplic\u00e1veis.<\/p>\n\n\n\n<h3 class=\"wp-block-heading\">1. Informacje, kt\u00f3re zbieramy<\/h3>\n\n\n\n<p>Gromadzimy dane osobowe i nieosobowe, aby zapewni\u0107 spersonalizowane, bezpieczne i trafne do\u015bwiadczenie. Dane mog\u0105 by\u0107 gromadzone w nast\u0119puj\u0105cy spos\u00f3b:<\/p>\n\n\n\n<ul class=\"wp-block-list\">\n<li><strong>Informacje dostarczone bezpo\u015brednio przez Ciebie<\/strong>takie jak imi\u0119 i nazwisko oraz adres e-mail (je\u015bli ma to zastosowanie);<\/li>\n\n\n\n<li><strong>Dane zbierane automatycznie<\/strong> za po\u015brednictwem plik\u00f3w cookie, dziennik\u00f3w dost\u0119pu, sygna\u0142\u00f3w nawigacyjnych i innych podobnych technologii;<\/li>\n\n\n\n<li><strong>Informacje od stron trzecich<\/strong>, takich jak platformy reklamowe i analiza ruchu, na podstawie wcze\u015bniej udzielonych autoryzacji i pozwole\u0144.<\/li>\n<\/ul>\n\n\n\n<p><strong>Base legal para o tratamento de dados<\/strong>:<\/p>\n\n\n\n<p>Dane przetwarzane s\u0105 na podstawie:<\/p>\n\n\n\n<ul class=\"wp-block-list\">\n<li><strong>Seu consentimento<\/strong> (wy\u015bwietlane w banerze plik\u00f3w cookie);<\/li>\n\n\n\n<li><strong>O cumprimento de obriga\u00e7\u00f5es legais<\/strong>;<\/li>\n\n\n\n<li><strong>O leg\u00edtimo interesse<\/strong> w zakresie dzia\u0142ania, bezpiecze\u0144stwa i personalizacji nawigacji w witrynie.<\/li>\n<\/ul>\n\n\n\n<h3 class=\"wp-block-heading\">2. Wykorzystanie plik\u00f3w cookie i podobnych technologii<\/h3>\n\n\n\n<p>Nasza strona internetowa wykorzystuje w\u0142asne pliki cookie i pliki cookie stron trzecich w celu:<\/p>\n\n\n\n<ul class=\"wp-block-list\">\n<li>Poprawa wydajno\u015bci i funkcjonalno\u015bci;<\/li>\n\n\n\n<li>Zrozum, w jaki spos\u00f3b odwiedzaj\u0105cy wchodz\u0105 w interakcj\u0119 z tre\u015bci\u0105;<\/li>\n\n\n\n<li>Poka\u017cemy Ci bardziej trafne reklamy na podstawie Twoich zainteresowa\u0144.<\/li>\n<\/ul>\n\n\n\n<p><strong>Banner de consentimento<\/strong>:<\/p>\n\n\n\n<p>Ao acessar o site, exibimos um banner de cookies solicitando seu consentimento expl\u00edcito para o uso de cookies n\u00e3o essenciais. Voc\u00ea pode:<\/p>\n\n\n\n<ul class=\"wp-block-list\">\n<li><strong>Aceitar ou recusar os cookies n\u00e3o obrigat\u00f3rios<\/strong>;<\/li>\n\n\n\n<li><strong>Zarz\u0105dzaj swoimi preferencjami<\/strong> bezpo\u015brednio w przegl\u0105darce lub poprzez baner.<\/li>\n<\/ul>\n\n\n\n<h3 class=\"wp-block-heading\">3. Spersonalizowane reklamy i pliki cookie stron trzecich<\/h3>\n\n\n\n<p>Korzystamy z certyfikowanych us\u0142ug reklamowych takich jak:<\/p>\n\n\n\n<ul class=\"wp-block-list\">\n<li><strong>Google AdSense<\/strong><\/li>\n\n\n\n<li><strong>Mened\u017cer reklam Google<\/strong><\/li>\n\n\n\n<li><strong>Meta reklamy (Facebook\/Instagram)<\/strong><\/li>\n<\/ul>\n\n\n\n<p>Platformy te wykorzystuj\u0105 pliki cookie w celu:<\/p>\n\n\n\n<ul class=\"wp-block-list\">\n<li>Exibir an\u00fancios personalizados com base nas suas visitas anteriores;<\/li>\n\n\n\n<li>Zmierz skuteczno\u015b\u0107 reklam;<\/li>\n\n\n\n<li>Limitar repeti\u00e7\u00f5es do mesmo an\u00fancio.<\/li>\n<\/ul>\n\n\n\n<p><strong>Voc\u00ea pode desativar a publicidade personalizada acessando<\/strong>:<\/p>\n\n\n\n<ul class=\"wp-block-list\">\n<li><strong><a href=\"https:\/\/adssettings.google.com\">Ustawienia reklam Google<\/a><\/strong>;<\/li>\n\n\n\n<li><strong><a>Inicjatywa reklamy sieciowej<\/a><\/strong>;<\/li>\n\n\n\n<li><strong><a>Twoje wybory online (UE\/mi\u0119dzynarodowe)<\/a><\/strong>.<\/li>\n<\/ul>\n\n\n\n<h3 class=\"wp-block-heading\">4. Udost\u0119pnianie danych stronom trzecim<\/h3>\n\n\n\n<p>Twoje dane mog\u0105 by\u0107 udost\u0119pniane:<\/p>\n\n\n\n<ul class=\"wp-block-list\">\n<li><strong>Sieci reklamowe<\/strong> (takich jak Google AdSense, Ad Manager) w celu personalizacji reklam;<\/li>\n\n\n\n<li><strong>Narz\u0119dzia analityczne<\/strong> (Google Analytics, Meta itp.) do pomiaru nawigacji;<\/li>\n\n\n\n<li><strong>Partnerzy stowarzyszeni<\/strong> do \u015bledzenia kampanii promocyjnych i prowizji.<\/li>\n<\/ul>\n\n\n\n<p>Podmioty trzecie stosuj\u0105 w\u0142asn\u0105 polityk\u0119 prywatno\u015bci i podlegaj\u0105 obowi\u0105zuj\u0105cemu prawu.<\/p>\n\n\n\n<h3 class=\"wp-block-heading\">5. Prawa u\u017cytkownika<\/h3>\n\n\n\n<p>Na mocy ustawy LGPD przys\u0142uguj\u0105 Ci nast\u0119puj\u0105ce prawa:<\/p>\n\n\n\n<ul class=\"wp-block-list\">\n<li><strong>Acesso<\/strong> aos seus dados pessoais;<\/li>\n\n\n\n<li><strong>Corre\u00e7\u00e3o<\/strong> de dados incompletos, inexatos ou desatualizados;<\/li>\n\n\n\n<li><strong>Exclus\u00e3o<\/strong> dos dados, quando aplic\u00e1vel;<\/li>\n\n\n\n<li><strong>Portabilidade<\/strong> dos dados;<\/li>\n\n\n\n<li><strong>Revoga\u00e7\u00e3o do consentimento<\/strong>;<\/li>\n\n\n\n<li><strong>Informa\u00e7\u00e3o<\/strong> sobre o uso de dados e com quem s\u00e3o compartilhados.<\/li>\n<\/ul>\n\n\n\n<p>Aby skorzysta\u0107 ze swoich praw:<\/p>\n\n\n\n<p>Wy\u015blij pro\u015bb\u0119 na adres e-mail: <strong><a>contato@jornal316.com.br<\/a><\/strong><br>Odpowiemy w ustalonych prawnie terminach.<\/p>\n\n\n\n<h3 class=\"wp-block-heading\">6. Bezpiecze\u0144stwo i przechowywanie danych<\/h3>\n\n\n\n<p>Podj\u0119li\u015bmy odpowiednie \u015brodki techniczne i administracyjne w celu ochrony Twoich danych przed:<\/p>\n\n\n\n<ul class=\"wp-block-list\">\n<li>Nieautoryzowany dost\u0119p;<\/li>\n\n\n\n<li>Utrata, kradzie\u017c lub niew\u0142a\u015bciwe u\u017cycie;<\/li>\n\n\n\n<li>Niew\u0142a\u015bciwa modyfikacja lub zniszczenie.<\/li>\n<\/ul>\n\n\n\n<p>Dane b\u0119d\u0105 przechowywane wy\u0142\u0105cznie tak d\u0142ugo, jak b\u0119dzie to konieczne do realizacji cel\u00f3w opisanych w niniejszej polityce lub wymagane przez prawo.<\/p>\n\n\n\n<h3 class=\"wp-block-heading\">7. Linki do stron zewn\u0119trznych<\/h3>\n\n\n\n<p>Nasza strona internetowa mo\u017ce zawiera\u0107 linki do zewn\u0119trznych stron internetowych obs\u0142ugiwanych przez osoby trzecie. Nie ponosimy odpowiedzialno\u015bci za polityk\u0119 prywatno\u015bci tych stron. Zalecamy zapoznanie si\u0119 z polityk\u0105 prywatno\u015bci ka\u017cdej odwiedzanej strony internetowej.<\/p>\n\n\n\n<h3 class=\"wp-block-heading\">8. Zaanga\u017cowanie u\u017cytkownika<\/h3>\n\n\n\n<p>Korzystaj\u0105c z tej witryny, wyra\u017casz zgod\u0119 na:<\/p>\n\n\n\n<ul class=\"wp-block-list\">\n<li>Podawaj prawdziwe i aktualne informacje;<\/li>\n\n\n\n<li>Nie podejmuj dzia\u0142a\u0144 niezgodnych z prawem lub naruszaj\u0105cych prawa os\u00f3b trzecich;<\/li>\n\n\n\n<li>Respeitar esta pol\u00edtica e os <strong>Termos de Uso<\/strong> do site.<\/li>\n<\/ul>\n\n\n\n<h3 class=\"wp-block-heading\">9. Aktualizacje niniejszej Polityki<\/h3>\n\n\n\n<p>Niniejsza Polityka mo\u017ce zosta\u0107 zaktualizowana w dowolnym momencie w celu odzwierciedlenia zmian prawnych, technologicznych lub operacyjnych. Najnowsza wersja b\u0119dzie zawsze dost\u0119pna na tej stronie, wraz z dat\u0105 ostatniej aktualizacji.<\/p>\n\n\n\n<h3 class=\"wp-block-heading\">10. Kontakt<\/h3>\n\n\n\n<p>W celu wyja\u015bnienia w\u0105tpliwo\u015bci lub skorzystania z przys\u0142uguj\u0105cych Pa\u0144stwu praw zwi\u0105zanych z ochron\u0105 prywatno\u015bci i danych osobowych prosimy o kontakt:<\/p>\n\n\n\n<p><strong>E-mail:<\/strong> <a>contato@jornal316.com.br<\/a><\/p>\n\n\n\n<p>\u2714\ufe0f Niniejsza polityka jest zgodna z:<\/p>\n\n\n\n<ul class=\"wp-block-list\">\n<li>Princ\u00edpios da <strong>Inicjatywa reklamy sieciowej<\/strong> e do <strong>IAB<\/strong>;<\/li>\n\n\n\n<li><strong>LGPD (ustawa nr 13.709\/2018 \u2013 Brazylia)<\/strong>;<\/li>\n\n\n\n<li>Diretrizes do <strong>Google AdSense<\/strong>: Pol\u00edticas de Privacidade Obrigat\u00f3ria.<\/li>\n<\/ul>\n\n\n\n<p><\/p>","protected":false},"excerpt":{"rendered":"<p>\u00daltima atualiza\u00e7\u00e3o: 17 de mar\u00e7o de 2026 A sua privacidade \u00e9 importante para n\u00f3s. Esta Pol\u00edtica de Privacidade descreve como o site beneficio.jornal316 coleta, utiliza, armazena, compartilha e protege os seus dados pessoais, em conformidade com a Lei Geral de Prote\u00e7\u00e3o de Dados (Lei n\u00ba 13.709\/2018 &#8211; LGPD), bem como com as diretrizes do Google&hellip;&nbsp;<a href=\"https:\/\/beneficio.jornal316.com.br\/pl\/politica-de-privacidade\/\" rel=\"bookmark\"><span class=\"screen-reader-text\">POLITYKA PRYWATNO\u015aCI<\/span><\/a><\/p>","protected":false},"author":2,"featured_media":0,"parent":0,"menu_order":0,"comment_status":"closed","ping_status":"closed","template":"","meta":{"neve_meta_sidebar":"","neve_meta_container":"","neve_meta_enable_content_width":"","neve_meta_content_width":0,"neve_meta_title_alignment":"","neve_meta_author_avatar":"","neve_post_elements_order":"","neve_meta_disable_header":"","neve_meta_disable_footer":"","neve_meta_disable_title":"","footnotes":""},"class_list":["post-123","page","type-page","status-publish","hentry"],"_links":{"self":[{"href":"https:\/\/beneficio.jornal316.com.br\/pl\/wp-json\/wp\/v2\/pages\/123","targetHints":{"allow":["GET"]}}],"collection":[{"href":"https:\/\/beneficio.jornal316.com.br\/pl\/wp-json\/wp\/v2\/pages"}],"about":[{"href":"https:\/\/beneficio.jornal316.com.br\/pl\/wp-json\/wp\/v2\/types\/page"}],"author":[{"embeddable":true,"href":"https:\/\/beneficio.jornal316.com.br\/pl\/wp-json\/wp\/v2\/users\/2"}],"replies":[{"embeddable":true,"href":"https:\/\/beneficio.jornal316.com.br\/pl\/wp-json\/wp\/v2\/comments?post=123"}],"version-history":[{"count":5,"href":"https:\/\/beneficio.jornal316.com.br\/pl\/wp-json\/wp\/v2\/pages\/123\/revisions"}],"predecessor-version":[{"id":779,"href":"https:\/\/beneficio.jornal316.com.br\/pl\/wp-json\/wp\/v2\/pages\/123\/revisions\/779"}],"wp:attachment":[{"href":"https:\/\/beneficio.jornal316.com.br\/pl\/wp-json\/wp\/v2\/media?parent=123"}],"curies":[{"name":"wp","href":"https:\/\/api.w.org\/{rel}","templated":true}]}}