{"id":127,"date":"2025-06-12T16:42:43","date_gmt":"2025-06-12T16:42:43","guid":{"rendered":"https:\/\/beneficio.jornal316.com.br\/?page_id=127"},"modified":"2025-06-26T13:20:34","modified_gmt":"2025-06-26T13:20:34","slug":"contato","status":"publish","type":"page","link":"https:\/\/beneficio.jornal316.com.br\/pl\/contato\/","title":{"rendered":"KONTAKT"},"content":{"rendered":"<p>Je\u015bli masz jakiekolwiek pytania, sugestie lub uwagi dotycz\u0105ce naszych tre\u015bci, wy\u015blij nam wiadomo\u015b\u0107 na nasz adres e-mail: contato@jornal316.com.br<\/p>\n\n\n\n<p><\/p>","protected":false},"excerpt":{"rendered":"<p>Je\u015bli masz jakiekolwiek pytania, sugestie lub uwagi dotycz\u0105ce naszych tre\u015bci, wy\u015blij nam wiadomo\u015b\u0107 na nasz adres e-mail: contato@jornal316.com.br<\/p>","protected":false},"author":2,"featured_media":0,"parent":0,"menu_order":0,"comment_status":"closed","ping_status":"closed","template":"","meta":{"neve_meta_sidebar":"","neve_meta_container":"","neve_meta_enable_content_width":"","neve_meta_content_width":0,"neve_meta_title_alignment":"","neve_meta_author_avatar":"","neve_post_elements_order":"","neve_meta_disable_header":"","neve_meta_disable_footer":"","neve_meta_disable_title":"","footnotes":""},"class_list":["post-127","page","type-page","status-publish","hentry"],"_links":{"self":[{"href":"https:\/\/beneficio.jornal316.com.br\/pl\/wp-json\/wp\/v2\/pages\/127","targetHints":{"allow":["GET"]}}],"collection":[{"href":"https:\/\/beneficio.jornal316.com.br\/pl\/wp-json\/wp\/v2\/pages"}],"about":[{"href":"https:\/\/beneficio.jornal316.com.br\/pl\/wp-json\/wp\/v2\/types\/page"}],"author":[{"embeddable":true,"href":"https:\/\/beneficio.jornal316.com.br\/pl\/wp-json\/wp\/v2\/users\/2"}],"replies":[{"embeddable":true,"href":"https:\/\/beneficio.jornal316.com.br\/pl\/wp-json\/wp\/v2\/comments?post=127"}],"version-history":[{"count":2,"href":"https:\/\/beneficio.jornal316.com.br\/pl\/wp-json\/wp\/v2\/pages\/127\/revisions"}],"predecessor-version":[{"id":409,"href":"https:\/\/beneficio.jornal316.com.br\/pl\/wp-json\/wp\/v2\/pages\/127\/revisions\/409"}],"wp:attachment":[{"href":"https:\/\/beneficio.jornal316.com.br\/pl\/wp-json\/wp\/v2\/media?parent=127"}],"curies":[{"name":"wp","href":"https:\/\/api.w.org\/{rel}","templated":true}]}}