{"id":129,"date":"2025-06-12T16:45:22","date_gmt":"2025-06-12T16:45:22","guid":{"rendered":"https:\/\/beneficio.jornal316.com.br\/?page_id=129"},"modified":"2026-03-17T20:57:38","modified_gmt":"2026-03-17T20:57:38","slug":"sobre-beneficio-jornal316","status":"publish","type":"page","link":"https:\/\/beneficio.jornal316.com.br\/pl\/sobre-beneficio-jornal316\/","title":{"rendered":"O \u015aWIADCZENIU JORNAL316"},"content":{"rendered":"<p>THE <strong>Blog Benef\u00edcio Jornal 316<\/strong> foi criado com o objetivo de fornecer informa\u00e7\u00f5es claras, diretas e confi\u00e1veis sobre os principais benef\u00edcios oferecidos pelo governo e como voc\u00ea pode acess\u00e1-los. Nosso compromisso \u00e9 orientar voc\u00ea de forma simples e segura, ensinando como se cadastrar, consultar e acompanhar benef\u00edcios por meio de portais oficiais, aplicativos e servi\u00e7os digitais.<\/p>\n\n\n\n<h3 class=\"wp-block-heading\">Co robimy:<\/h3>\n\n\n\n<p><strong>1. Passo a Passo Completo<\/strong><br>Oferecemos orienta\u00e7\u00f5es detalhadas sobre como realizar cadastros em programas sociais, atualizar seus dados e acompanhar pagamentos. Nossos guias s\u00e3o diretos e atualizados, projetados para facilitar o seu dia a dia.<\/p>\n\n\n\n<p><strong>2. Orienta\u00e7\u00f5es sobre Aplicativos e Plataformas<\/strong><br>Explicamos como usar os principais aplicativos oficiais, como <strong>Caixa Tem<\/strong>, <strong>Meu INSS<\/strong>, <strong>Cad\u00danico<\/strong>, <strong>Gov.br<\/strong> e muitos outros. Ajudamos voc\u00ea a baixar, acessar, recuperar senhas e usar as fun\u00e7\u00f5es de cada plataforma para garantir que voc\u00ea tenha acesso a seus benef\u00edcios.<\/p>\n\n\n\n<p><strong>3. Guias sobre Benef\u00edcios do Governo<\/strong><br>Publicamos informa\u00e7\u00f5es detalhadas sobre programas importantes como <strong>Bolsa Fam\u00edlia<\/strong>, <strong>Aux\u00edlio G\u00e1s<\/strong>, <strong>Tarifa Social de Energia<\/strong>, <strong>BPC<\/strong>, <strong>Seguro-Desemprego<\/strong>, <strong>FGTS Digital<\/strong> e outros benef\u00edcios do governo. Nosso objetivo \u00e9 garantir que voc\u00ea entenda todos os requisitos e como solicitar cada um deles.<\/p>\n\n\n\n<p><strong>4. Informa\u00e7\u00f5es sobre Cart\u00f5es de Benef\u00edcios<\/strong><br>Tamb\u00e9m abordamos temas relacionados a <strong>cart\u00f5es de benef\u00edcios<\/strong>, como <strong>Cart\u00e3o Bolsa Fam\u00edlia<\/strong>, <strong>Cart\u00e3o do Aux\u00edlio G\u00e1s<\/strong> e outros cart\u00f5es governamentais. Nossos artigos ensinam como solicitar, usar e acompanhar os benef\u00edcios dispon\u00edveis por meio desses cart\u00f5es, facilitando o acesso e o gerenciamento de seus direitos.<\/p>\n\n\n\n<h3 class=\"wp-block-heading\">Nossa Miss\u00e3o<\/h3>\n\n\n\n<p>Nosso objetivo \u00e9 empoderar voc\u00ea com conhecimento sobre os direitos e benef\u00edcios que o governo oferece, de forma acess\u00edvel e confi\u00e1vel. Queremos que voc\u00ea se sinta seguro ao utilizar as plataformas digitais para acessar esses benef\u00edcios, com todas as informa\u00e7\u00f5es necess\u00e1rias para navegar de maneira eficiente.<\/p>","protected":false},"excerpt":{"rendered":"<p>O Blog Benef\u00edcio Jornal 316 foi criado com o objetivo de fornecer informa\u00e7\u00f5es claras, diretas e confi\u00e1veis sobre os principais benef\u00edcios oferecidos pelo governo e como voc\u00ea pode acess\u00e1-los. Nosso compromisso \u00e9 orientar voc\u00ea de forma simples e segura, ensinando como se cadastrar, consultar e acompanhar benef\u00edcios por meio de portais oficiais, aplicativos e servi\u00e7os&hellip;&nbsp;<a href=\"https:\/\/beneficio.jornal316.com.br\/pl\/sobre-beneficio-jornal316\/\" rel=\"bookmark\"><span class=\"screen-reader-text\">O \u015aWIADCZENIU JORNAL316<\/span><\/a><\/p>","protected":false},"author":2,"featured_media":0,"parent":0,"menu_order":0,"comment_status":"closed","ping_status":"closed","template":"","meta":{"neve_meta_sidebar":"","neve_meta_container":"","neve_meta_enable_content_width":"","neve_meta_content_width":0,"neve_meta_title_alignment":"","neve_meta_author_avatar":"","neve_post_elements_order":"","neve_meta_disable_header":"","neve_meta_disable_footer":"","neve_meta_disable_title":"","footnotes":""},"class_list":["post-129","page","type-page","status-publish","hentry"],"_links":{"self":[{"href":"https:\/\/beneficio.jornal316.com.br\/pl\/wp-json\/wp\/v2\/pages\/129","targetHints":{"allow":["GET"]}}],"collection":[{"href":"https:\/\/beneficio.jornal316.com.br\/pl\/wp-json\/wp\/v2\/pages"}],"about":[{"href":"https:\/\/beneficio.jornal316.com.br\/pl\/wp-json\/wp\/v2\/types\/page"}],"author":[{"embeddable":true,"href":"https:\/\/beneficio.jornal316.com.br\/pl\/wp-json\/wp\/v2\/users\/2"}],"replies":[{"embeddable":true,"href":"https:\/\/beneficio.jornal316.com.br\/pl\/wp-json\/wp\/v2\/comments?post=129"}],"version-history":[{"count":2,"href":"https:\/\/beneficio.jornal316.com.br\/pl\/wp-json\/wp\/v2\/pages\/129\/revisions"}],"predecessor-version":[{"id":778,"href":"https:\/\/beneficio.jornal316.com.br\/pl\/wp-json\/wp\/v2\/pages\/129\/revisions\/778"}],"wp:attachment":[{"href":"https:\/\/beneficio.jornal316.com.br\/pl\/wp-json\/wp\/v2\/media?parent=129"}],"curies":[{"name":"wp","href":"https:\/\/api.w.org\/{rel}","templated":true}]}}